{"id":3400,"date":"2022-12-12T15:01:46","date_gmt":"2022-12-12T15:01:46","guid":{"rendered":"https:\/\/bahiadelsol.proyectoscoralcr.com\/about-us\/"},"modified":"2025-07-31T23:26:26","modified_gmt":"2025-07-31T23:26:26","slug":"nosotros","status":"publish","type":"page","link":"https:\/\/bahiadelsol.proyectoscoralcr.com\/es\/nosotros\/","title":{"rendered":"Nosotros"},"content":{"rendered":"\t\t<div data-elementor-type=\"wp-page\" data-elementor-id=\"3400\" class=\"elementor elementor-3400 elementor-1978\" data-elementor-post-type=\"page\">\n\t\t\t\t\t\t<section class=\"elementor-section elementor-top-section elementor-element elementor-element-e411e1d elementor-section-stretched animated-slow elementor-section-boxed elementor-section-height-default elementor-section-height-default\" data-id=\"e411e1d\" data-element_type=\"section\" data-e-type=\"section\" data-settings=\"{&quot;stretch_section&quot;:&quot;section-stretched&quot;,&quot;animation&quot;:&quot;none&quot;,&quot;animation_delay&quot;:800,&quot;background_background&quot;:&quot;classic&quot;,&quot;jet_parallax_layout_list&quot;:[{&quot;jet_parallax_layout_image&quot;:{&quot;url&quot;:&quot;&quot;,&quot;id&quot;:&quot;&quot;,&quot;size&quot;:&quot;&quot;},&quot;_id&quot;:&quot;081be28&quot;,&quot;jet_parallax_layout_image_tablet&quot;:{&quot;url&quot;:&quot;&quot;,&quot;id&quot;:&quot;&quot;,&quot;size&quot;:&quot;&quot;},&quot;jet_parallax_layout_image_mobile&quot;:{&quot;url&quot;:&quot;&quot;,&quot;id&quot;:&quot;&quot;,&quot;size&quot;:&quot;&quot;},&quot;jet_parallax_layout_speed&quot;:{&quot;unit&quot;:&quot;%&quot;,&quot;size&quot;:50,&quot;sizes&quot;:[]},&quot;jet_parallax_layout_type&quot;:&quot;scroll&quot;,&quot;jet_parallax_layout_direction&quot;:&quot;1&quot;,&quot;jet_parallax_layout_fx_direction&quot;:null,&quot;jet_parallax_layout_z_index&quot;:&quot;&quot;,&quot;jet_parallax_layout_bg_x&quot;:50,&quot;jet_parallax_layout_bg_x_tablet&quot;:&quot;&quot;,&quot;jet_parallax_layout_bg_x_mobile&quot;:&quot;&quot;,&quot;jet_parallax_layout_bg_y&quot;:50,&quot;jet_parallax_layout_bg_y_tablet&quot;:&quot;&quot;,&quot;jet_parallax_layout_bg_y_mobile&quot;:&quot;&quot;,&quot;jet_parallax_layout_bg_size&quot;:&quot;auto&quot;,&quot;jet_parallax_layout_bg_size_tablet&quot;:&quot;&quot;,&quot;jet_parallax_layout_bg_size_mobile&quot;:&quot;&quot;,&quot;jet_parallax_layout_animation_prop&quot;:&quot;transform&quot;,&quot;jet_parallax_layout_on&quot;:[&quot;desktop&quot;,&quot;tablet&quot;]}]}\">\n\t\t\t\t\t\t\t<div class=\"elementor-background-overlay\"><\/div>\n\t\t\t\t\t\t\t<div class=\"elementor-container elementor-column-gap-default\">\n\t\t\t\t\t<div class=\"elementor-column elementor-col-100 elementor-top-column elementor-element elementor-element-183506a\" data-id=\"183506a\" data-element_type=\"column\" data-e-type=\"column\" data-settings=\"{&quot;background_background&quot;:&quot;classic&quot;}\">\n\t\t\t<div class=\"elementor-widget-wrap elementor-element-populated\">\n\t\t\t\t\t\t<div class=\"elementor-element elementor-element-b04e11a elementor-widget elementor-widget-menu-anchor\" data-id=\"b04e11a\" data-element_type=\"widget\" data-e-type=\"widget\" data-widget_type=\"menu-anchor.default\">\n\t\t\t\t<div class=\"elementor-widget-container\">\n\t\t\t\t\t\t\t<div class=\"elementor-menu-anchor\" id=\"unique\"><\/div>\n\t\t\t\t\t\t<\/div>\n\t\t\t\t<\/div>\n\t\t\t\t<div class=\"elementor-element elementor-element-d2fdcd9 animated-slow elementor-invisible elementor-widget elementor-widget-heading\" data-id=\"d2fdcd9\" data-element_type=\"widget\" data-e-type=\"widget\" data-settings=\"{&quot;_animation&quot;:&quot;fadeInUp&quot;,&quot;_animation_delay&quot;:500}\" data-widget_type=\"heading.default\">\n\t\t\t\t<div class=\"elementor-widget-container\">\n\t\t\t\t\t<h2 class=\"elementor-heading-title elementor-size-default\">Nuestro Equipo<\/h2>\t\t\t\t<\/div>\n\t\t\t\t<\/div>\n\t\t\t\t<div class=\"elementor-element elementor-element-0013af8 animated-slow elementor-widget-divider--view-line elementor-invisible elementor-widget elementor-widget-divider\" data-id=\"0013af8\" data-element_type=\"widget\" data-e-type=\"widget\" data-settings=\"{&quot;_animation&quot;:&quot;fadeInUp&quot;,&quot;_animation_delay&quot;:500}\" data-widget_type=\"divider.default\">\n\t\t\t\t<div class=\"elementor-widget-container\">\n\t\t\t\t\t\t\t<div class=\"elementor-divider\">\n\t\t\t<span class=\"elementor-divider-separator\">\n\t\t\t\t\t\t<\/span>\n\t\t<\/div>\n\t\t\t\t\t\t<\/div>\n\t\t\t\t<\/div>\n\t\t\t\t<div class=\"elementor-element elementor-element-c9b2e70 elementor-invisible elementor-widget elementor-widget-spacer\" data-id=\"c9b2e70\" data-element_type=\"widget\" data-e-type=\"widget\" data-settings=\"{&quot;_animation&quot;:&quot;fadeInUp&quot;}\" data-widget_type=\"spacer.default\">\n\t\t\t\t<div class=\"elementor-widget-container\">\n\t\t\t\t\t\t\t<div class=\"elementor-spacer\">\n\t\t\t<div class=\"elementor-spacer-inner\"><\/div>\n\t\t<\/div>\n\t\t\t\t\t\t<\/div>\n\t\t\t\t<\/div>\n\t\t\t\t<div class=\"elementor-element elementor-element-0b1bd23 elementor-invisible elementor-widget elementor-widget-spacer\" data-id=\"0b1bd23\" data-element_type=\"widget\" data-e-type=\"widget\" data-settings=\"{&quot;_animation&quot;:&quot;fadeInUp&quot;}\" data-widget_type=\"spacer.default\">\n\t\t\t\t<div class=\"elementor-widget-container\">\n\t\t\t\t\t\t\t<div class=\"elementor-spacer\">\n\t\t\t<div class=\"elementor-spacer-inner\"><\/div>\n\t\t<\/div>\n\t\t\t\t\t\t<\/div>\n\t\t\t\t<\/div>\n\t\t\t\t<div class=\"elementor-element elementor-element-7bb6f0b animated-slow elementor-invisible elementor-widget elementor-widget-text-editor\" data-id=\"7bb6f0b\" data-element_type=\"widget\" data-e-type=\"widget\" data-settings=\"{&quot;_animation&quot;:&quot;fadeInUp&quot;,&quot;_animation_delay&quot;:500}\" data-widget_type=\"text-editor.default\">\n\t\t\t\t<div class=\"elementor-widget-container\">\n\t\t\t\t\t\t\t\t\t<p>En Bah\u00eda del Sol te espera un equipo apasionado por el servicio y orgulloso de ser costarricense. Con la amabilidad que caracteriza a los \u201cTicos\u201d, te damos la bienvenida para que disfrutes de lo mejor de nuestra tierra: la paz, la naturaleza y la calidez de su gente.<br \/>Ya sea que nos visites desde otro pa\u00eds o recorras Costa Rica como turista nacional, estaremos encantados de recibirte con profesionalismo, cercan\u00eda y entusiasmo. Haremos todo lo posible para que tu experiencia con nosotros sea aut\u00e9ntica, placentera y verdaderamente inolvidable.<\/p>\t\t\t\t\t\t\t\t<\/div>\n\t\t\t\t<\/div>\n\t\t\t\t\t<\/div>\n\t\t<\/div>\n\t\t\t\t\t<\/div>\n\t\t<\/section>\n\t\t\t\t<section class=\"elementor-section elementor-top-section elementor-element elementor-element-06f8760 elementor-section-stretched elementor-hidden-desktop elementor-hidden-tablet elementor-hidden-mobile elementor-section-boxed elementor-section-height-default elementor-section-height-default\" data-id=\"06f8760\" data-element_type=\"section\" data-e-type=\"section\" data-settings=\"{&quot;stretch_section&quot;:&quot;section-stretched&quot;,&quot;background_background&quot;:&quot;classic&quot;,&quot;jet_parallax_layout_list&quot;:[{&quot;jet_parallax_layout_image&quot;:{&quot;url&quot;:&quot;&quot;,&quot;id&quot;:&quot;&quot;,&quot;size&quot;:&quot;&quot;},&quot;_id&quot;:&quot;12a9299&quot;,&quot;jet_parallax_layout_image_tablet&quot;:{&quot;url&quot;:&quot;&quot;,&quot;id&quot;:&quot;&quot;,&quot;size&quot;:&quot;&quot;},&quot;jet_parallax_layout_image_mobile&quot;:{&quot;url&quot;:&quot;&quot;,&quot;id&quot;:&quot;&quot;,&quot;size&quot;:&quot;&quot;},&quot;jet_parallax_layout_speed&quot;:{&quot;unit&quot;:&quot;%&quot;,&quot;size&quot;:50,&quot;sizes&quot;:[]},&quot;jet_parallax_layout_type&quot;:&quot;scroll&quot;,&quot;jet_parallax_layout_direction&quot;:&quot;1&quot;,&quot;jet_parallax_layout_fx_direction&quot;:null,&quot;jet_parallax_layout_z_index&quot;:&quot;&quot;,&quot;jet_parallax_layout_bg_x&quot;:50,&quot;jet_parallax_layout_bg_x_tablet&quot;:&quot;&quot;,&quot;jet_parallax_layout_bg_x_mobile&quot;:&quot;&quot;,&quot;jet_parallax_layout_bg_y&quot;:50,&quot;jet_parallax_layout_bg_y_tablet&quot;:&quot;&quot;,&quot;jet_parallax_layout_bg_y_mobile&quot;:&quot;&quot;,&quot;jet_parallax_layout_bg_size&quot;:&quot;auto&quot;,&quot;jet_parallax_layout_bg_size_tablet&quot;:&quot;&quot;,&quot;jet_parallax_layout_bg_size_mobile&quot;:&quot;&quot;,&quot;jet_parallax_layout_animation_prop&quot;:&quot;transform&quot;,&quot;jet_parallax_layout_on&quot;:[&quot;desktop&quot;,&quot;tablet&quot;]}]}\">\n\t\t\t\t\t\t\t<div class=\"elementor-background-overlay\"><\/div>\n\t\t\t\t\t\t\t<div class=\"elementor-container elementor-column-gap-default\">\n\t\t\t\t\t<div class=\"elementor-column elementor-col-100 elementor-top-column elementor-element elementor-element-f11de18\" data-id=\"f11de18\" data-element_type=\"column\" data-e-type=\"column\">\n\t\t\t<div class=\"elementor-widget-wrap elementor-element-populated\">\n\t\t\t\t\t\t<div class=\"elementor-element elementor-element-c40aa2e animated-slow elementor-invisible elementor-widget elementor-widget-image\" data-id=\"c40aa2e\" data-element_type=\"widget\" data-e-type=\"widget\" data-settings=\"{&quot;_animation&quot;:&quot;fadeInUp&quot;,&quot;_animation_delay&quot;:500}\" data-widget_type=\"image.default\">\n\t\t\t\t<div class=\"elementor-widget-container\">\n\t\t\t\t\t\t\t\t\t\t\t\t\t\t\t<img fetchpriority=\"high\" decoding=\"async\" width=\"452\" height=\"448\" src=\"https:\/\/bahiadelsol.proyectoscoralcr.com\/wp-content\/uploads\/2022\/12\/bds-isotipo-circle.png\" class=\"attachment-large size-large wp-image-2183\" alt=\"Bah\u00eda del Sol Hotel, Beachfront Boutique Hotel\" srcset=\"https:\/\/bahiadelsol.proyectoscoralcr.com\/wp-content\/uploads\/2022\/12\/bds-isotipo-circle.png 452w, https:\/\/bahiadelsol.proyectoscoralcr.com\/wp-content\/uploads\/2022\/12\/bds-isotipo-circle-300x297.png 300w, https:\/\/bahiadelsol.proyectoscoralcr.com\/wp-content\/uploads\/2022\/12\/bds-isotipo-circle-150x150.png 150w\" sizes=\"(max-width: 452px) 100vw, 452px\" \/>\t\t\t\t\t\t\t\t\t\t\t\t\t\t\t<\/div>\n\t\t\t\t<\/div>\n\t\t\t\t<div class=\"elementor-element elementor-element-d650039 elementor-widget elementor-widget-spacer\" data-id=\"d650039\" data-element_type=\"widget\" data-e-type=\"widget\" data-widget_type=\"spacer.default\">\n\t\t\t\t<div class=\"elementor-widget-container\">\n\t\t\t\t\t\t\t<div class=\"elementor-spacer\">\n\t\t\t<div class=\"elementor-spacer-inner\"><\/div>\n\t\t<\/div>\n\t\t\t\t\t\t<\/div>\n\t\t\t\t<\/div>\n\t\t\t\t<div class=\"elementor-element elementor-element-ce31fe7 animated-slow elementor-invisible elementor-widget elementor-widget-heading\" data-id=\"ce31fe7\" data-element_type=\"widget\" data-e-type=\"widget\" data-settings=\"{&quot;_animation&quot;:&quot;fadeInUp&quot;,&quot;_animation_delay&quot;:500}\" data-widget_type=\"heading.default\">\n\t\t\t\t<div class=\"elementor-widget-container\">\n\t\t\t\t\t<h2 class=\"elementor-heading-title elementor-size-default\">Eduardo Lanaspa<\/h2>\t\t\t\t<\/div>\n\t\t\t\t<\/div>\n\t\t\t\t<div class=\"elementor-element elementor-element-7696133 animated-slow elementor-widget-divider--view-line elementor-invisible elementor-widget elementor-widget-divider\" data-id=\"7696133\" data-element_type=\"widget\" data-e-type=\"widget\" data-settings=\"{&quot;_animation&quot;:&quot;fadeInUp&quot;,&quot;_animation_delay&quot;:500}\" data-widget_type=\"divider.default\">\n\t\t\t\t<div class=\"elementor-widget-container\">\n\t\t\t\t\t\t\t<div class=\"elementor-divider\">\n\t\t\t<span class=\"elementor-divider-separator\">\n\t\t\t\t\t\t<\/span>\n\t\t<\/div>\n\t\t\t\t\t\t<\/div>\n\t\t\t\t<\/div>\n\t\t\t\t<div class=\"elementor-element elementor-element-b5c5b78 animated-slow elementor-invisible elementor-widget elementor-widget-text-editor\" data-id=\"b5c5b78\" data-element_type=\"widget\" data-e-type=\"widget\" data-settings=\"{&quot;_animation&quot;:&quot;fadeInUp&quot;,&quot;_animation_delay&quot;:500}\" data-widget_type=\"text-editor.default\">\n\t\t\t\t<div class=\"elementor-widget-container\">\n\t\t\t\t\t\t\t\t\t<p>Resident Manager<\/p>\t\t\t\t\t\t\t\t<\/div>\n\t\t\t\t<\/div>\n\t\t\t\t<div class=\"elementor-element elementor-element-726d0f4 animated-slow elementor-hidden-desktop elementor-hidden-tablet elementor-hidden-mobile elementor-invisible elementor-widget elementor-widget-toggle\" data-id=\"726d0f4\" data-element_type=\"widget\" data-e-type=\"widget\" data-settings=\"{&quot;_animation&quot;:&quot;fadeInUp&quot;,&quot;_animation_delay&quot;:500}\" data-widget_type=\"toggle.default\">\n\t\t\t\t<div class=\"elementor-widget-container\">\n\t\t\t\t\t\t\t<div class=\"elementor-toggle\">\n\t\t\t\t\t\t\t<div class=\"elementor-toggle-item\">\n\t\t\t\t\t<div id=\"elementor-tab-title-1191\" class=\"elementor-tab-title\" data-tab=\"1\" role=\"button\" aria-controls=\"elementor-tab-content-1191\" aria-expanded=\"false\">\n\t\t\t\t\t\t\t\t\t\t\t\t<span class=\"elementor-toggle-icon elementor-toggle-icon-left\" aria-hidden=\"true\">\n\t\t\t\t\t\t\t\t\t\t\t\t\t\t\t<span class=\"elementor-toggle-icon-closed\"><i class=\"fas fa-plus\"><\/i><\/span>\n\t\t\t\t\t\t\t\t<span class=\"elementor-toggle-icon-opened\"><i class=\"elementor-toggle-icon-opened fas fa-plus\"><\/i><\/span>\n\t\t\t\t\t\t\t\t\t\t\t\t\t<\/span>\n\t\t\t\t\t\t\t\t\t\t\t\t<a class=\"elementor-toggle-title\" tabindex=\"0\">Perfil Profesional<\/a>\n\t\t\t\t\t<\/div>\n\n\t\t\t\t\t<div id=\"elementor-tab-content-1191\" class=\"elementor-tab-content elementor-clearfix\" data-tab=\"1\" role=\"region\" aria-labelledby=\"elementor-tab-title-1191\">Nuestro director de marketing tiene m\u00e1s de 25 a\u00f1os de experiencia en la industria del turismo. Graduado en Administraci\u00f3n de Empresas de la Universidad de Costa Rica se especializ\u00f3 por cuenta propia en turismo tomando diferentes seminarios con CINDE, PRAGMA Corporation en NY, Cornell University, INCAE y otros. Posee un certificado del Service Quality Institute de Minnesota que le da derecho a certificar personal en temas como: Servicio al Cliente, Empoderamiento, Liderazgo. Ha sido director de marketing de The Small Distinctive Hotels, Villa Caletas, entre otros hoteles. \u00c9l cree firmemente que el mejor marketing es un excelente servicio al cliente. En su tiempo libre disfruta practicando los 3 deportes del triatl\u00f3n.<\/div>\n\t\t\t\t<\/div>\n\t\t\t\t\t\t\t\t<\/div>\n\t\t\t\t\t\t<\/div>\n\t\t\t\t<\/div>\n\t\t\t\t\t<\/div>\n\t\t<\/div>\n\t\t\t\t\t<\/div>\n\t\t<\/section>\n\t\t\t\t<\/div>\n\t\t","protected":false},"excerpt":{"rendered":"<p>Nuestro Equipo En Bah\u00eda del Sol te espera un equipo apasionado por el servicio y orgulloso de ser costarricense. Con la amabilidad que caracteriza a los \u201cTicos\u201d, te damos la bienvenida para que disfrutes de lo mejor de nuestra tierra: la paz, la naturaleza y la calidez de su gente.Ya sea que nos visites desde [&hellip;]<\/p>\n","protected":false},"author":1,"featured_media":0,"parent":0,"menu_order":0,"comment_status":"closed","ping_status":"closed","template":"","meta":{"footnotes":""},"class_list":["post-3400","page","type-page","status-publish","hentry"],"yoast_head":"<!-- This site is optimized with the Yoast SEO plugin v27.1.1 - https:\/\/yoast.com\/product\/yoast-seo-wordpress\/ -->\n<title>Nosotros | Bahia del Sol Hotel \u2502 Beach Front Boutique Hotel<\/title>\n<meta name=\"robots\" content=\"index, follow, max-snippet:-1, max-image-preview:large, max-video-preview:-1\" \/>\n<link rel=\"canonical\" href=\"https:\/\/bahiadelsol.proyectoscoralcr.com\/es\/nosotros\/\" \/>\n<meta property=\"og:locale\" content=\"es_ES\" \/>\n<meta property=\"og:type\" content=\"article\" \/>\n<meta property=\"og:title\" content=\"Nosotros | Bahia del Sol Hotel \u2502 Beach Front Boutique Hotel\" \/>\n<meta property=\"og:description\" content=\"Nuestro Equipo En Bah\u00eda del Sol te espera un equipo apasionado por el servicio y orgulloso de ser costarricense. Con la amabilidad que caracteriza a los \u201cTicos\u201d, te damos la bienvenida para que disfrutes de lo mejor de nuestra tierra: la paz, la naturaleza y la calidez de su gente.Ya sea que nos visites desde [&hellip;]\" \/>\n<meta property=\"og:url\" content=\"https:\/\/bahiadelsol.proyectoscoralcr.com\/es\/nosotros\/\" \/>\n<meta property=\"og:site_name\" content=\"Bahia del Sol Hotel \u2502 Beach Front Boutique Hotel\" \/>\n<meta property=\"article:publisher\" content=\"https:\/\/www.facebook.com\/HotelBahiaDelSolCR\" \/>\n<meta property=\"article:modified_time\" content=\"2025-07-31T23:26:26+00:00\" \/>\n<meta property=\"og:image\" content=\"https:\/\/bahiadelsol.proyectoscoralcr.com\/wp-content\/uploads\/2022\/12\/bds-isotipo-circle.png\" \/>\n<meta name=\"twitter:card\" content=\"summary_large_image\" \/>\n<meta name=\"twitter:label1\" content=\"Tiempo de lectura\" \/>\n\t<meta name=\"twitter:data1\" content=\"2 minutos\" \/>\n<script type=\"application\/ld+json\" class=\"yoast-schema-graph\">{\"@context\":\"https:\/\/schema.org\",\"@graph\":[{\"@type\":\"WebPage\",\"@id\":\"https:\/\/bahiadelsol.proyectoscoralcr.com\/es\/nosotros\/\",\"url\":\"https:\/\/bahiadelsol.proyectoscoralcr.com\/es\/nosotros\/\",\"name\":\"Nosotros | Bahia del Sol Hotel \u2502 Beach Front Boutique Hotel\",\"isPartOf\":{\"@id\":\"https:\/\/bahiadelsol.proyectoscoralcr.com\/es\/#website\"},\"primaryImageOfPage\":{\"@id\":\"https:\/\/bahiadelsol.proyectoscoralcr.com\/es\/nosotros\/#primaryimage\"},\"image\":{\"@id\":\"https:\/\/bahiadelsol.proyectoscoralcr.com\/es\/nosotros\/#primaryimage\"},\"thumbnailUrl\":\"https:\/\/bahiadelsol.proyectoscoralcr.com\/wp-content\/uploads\/2022\/12\/bds-isotipo-circle.png\",\"datePublished\":\"2022-12-12T15:01:46+00:00\",\"dateModified\":\"2025-07-31T23:26:26+00:00\",\"breadcrumb\":{\"@id\":\"https:\/\/bahiadelsol.proyectoscoralcr.com\/es\/nosotros\/#breadcrumb\"},\"inLanguage\":\"es\",\"potentialAction\":[{\"@type\":\"ReadAction\",\"target\":[\"https:\/\/bahiadelsol.proyectoscoralcr.com\/es\/nosotros\/\"]}]},{\"@type\":\"ImageObject\",\"inLanguage\":\"es\",\"@id\":\"https:\/\/bahiadelsol.proyectoscoralcr.com\/es\/nosotros\/#primaryimage\",\"url\":\"https:\/\/bahiadelsol.proyectoscoralcr.com\/wp-content\/uploads\/2022\/12\/bds-isotipo-circle.png\",\"contentUrl\":\"https:\/\/bahiadelsol.proyectoscoralcr.com\/wp-content\/uploads\/2022\/12\/bds-isotipo-circle.png\"},{\"@type\":\"BreadcrumbList\",\"@id\":\"https:\/\/bahiadelsol.proyectoscoralcr.com\/es\/nosotros\/#breadcrumb\",\"itemListElement\":[{\"@type\":\"ListItem\",\"position\":1,\"name\":\"Home\",\"item\":\"https:\/\/bahiadelsol.proyectoscoralcr.com\/es\/\"},{\"@type\":\"ListItem\",\"position\":2,\"name\":\"Nosotros\"}]},{\"@type\":\"WebSite\",\"@id\":\"https:\/\/bahiadelsol.proyectoscoralcr.com\/es\/#website\",\"url\":\"https:\/\/bahiadelsol.proyectoscoralcr.com\/es\/\",\"name\":\"Bahia del Sol Hotel\",\"description\":\"Playa Potrero, Guanacaste, Costa Rica\",\"publisher\":{\"@id\":\"https:\/\/bahiadelsol.proyectoscoralcr.com\/es\/#organization\"},\"potentialAction\":[{\"@type\":\"SearchAction\",\"target\":{\"@type\":\"EntryPoint\",\"urlTemplate\":\"https:\/\/bahiadelsol.proyectoscoralcr.com\/es\/?s={search_term_string}\"},\"query-input\":{\"@type\":\"PropertyValueSpecification\",\"valueRequired\":true,\"valueName\":\"search_term_string\"}}],\"inLanguage\":\"es\"},{\"@type\":\"Organization\",\"@id\":\"https:\/\/bahiadelsol.proyectoscoralcr.com\/es\/#organization\",\"name\":\"Bahia del Sol Hotel\",\"url\":\"https:\/\/bahiadelsol.proyectoscoralcr.com\/es\/\",\"logo\":{\"@type\":\"ImageObject\",\"inLanguage\":\"es\",\"@id\":\"https:\/\/bahiadelsol.proyectoscoralcr.com\/es\/#\/schema\/logo\/image\/\",\"url\":\"https:\/\/bahiadelsol.proyectoscoralcr.com\/wp-content\/uploads\/2023\/07\/logo-web-white-outline-gray-new.png\",\"contentUrl\":\"https:\/\/bahiadelsol.proyectoscoralcr.com\/wp-content\/uploads\/2023\/07\/logo-web-white-outline-gray-new.png\",\"width\":810,\"height\":365,\"caption\":\"Bahia del Sol Hotel\"},\"image\":{\"@id\":\"https:\/\/bahiadelsol.proyectoscoralcr.com\/es\/#\/schema\/logo\/image\/\"},\"sameAs\":[\"https:\/\/www.facebook.com\/HotelBahiaDelSolCR\",\"https:\/\/www.instagram.com\/bahiadelsolcr\/\",\"https:\/\/www.youtube.com\/channel\/UCNgjYAho9AIesyf5NPqRgiQ\",\"https:\/\/www.tripadvisor.com\/Hotel_Review-g1380092-d603769-Reviews-Hotel_Bahia_del_Sol-Playa_Potrero_Province_of_Guanacaste.html\"]}]}<\/script>\n<!-- \/ Yoast SEO plugin. -->","yoast_head_json":{"title":"Nosotros | Bahia del Sol Hotel \u2502 Beach Front Boutique Hotel","robots":{"index":"index","follow":"follow","max-snippet":"max-snippet:-1","max-image-preview":"max-image-preview:large","max-video-preview":"max-video-preview:-1"},"canonical":"https:\/\/bahiadelsol.proyectoscoralcr.com\/es\/nosotros\/","og_locale":"es_ES","og_type":"article","og_title":"Nosotros | Bahia del Sol Hotel \u2502 Beach Front Boutique Hotel","og_description":"Nuestro Equipo En Bah\u00eda del Sol te espera un equipo apasionado por el servicio y orgulloso de ser costarricense. Con la amabilidad que caracteriza a los \u201cTicos\u201d, te damos la bienvenida para que disfrutes de lo mejor de nuestra tierra: la paz, la naturaleza y la calidez de su gente.Ya sea que nos visites desde [&hellip;]","og_url":"https:\/\/bahiadelsol.proyectoscoralcr.com\/es\/nosotros\/","og_site_name":"Bahia del Sol Hotel \u2502 Beach Front Boutique Hotel","article_publisher":"https:\/\/www.facebook.com\/HotelBahiaDelSolCR","article_modified_time":"2025-07-31T23:26:26+00:00","og_image":[{"url":"https:\/\/bahiadelsol.proyectoscoralcr.com\/wp-content\/uploads\/2022\/12\/bds-isotipo-circle.png","type":"","width":"","height":""}],"twitter_card":"summary_large_image","twitter_misc":{"Tiempo de lectura":"2 minutos"},"schema":{"@context":"https:\/\/schema.org","@graph":[{"@type":"WebPage","@id":"https:\/\/bahiadelsol.proyectoscoralcr.com\/es\/nosotros\/","url":"https:\/\/bahiadelsol.proyectoscoralcr.com\/es\/nosotros\/","name":"Nosotros | Bahia del Sol Hotel \u2502 Beach Front Boutique Hotel","isPartOf":{"@id":"https:\/\/bahiadelsol.proyectoscoralcr.com\/es\/#website"},"primaryImageOfPage":{"@id":"https:\/\/bahiadelsol.proyectoscoralcr.com\/es\/nosotros\/#primaryimage"},"image":{"@id":"https:\/\/bahiadelsol.proyectoscoralcr.com\/es\/nosotros\/#primaryimage"},"thumbnailUrl":"https:\/\/bahiadelsol.proyectoscoralcr.com\/wp-content\/uploads\/2022\/12\/bds-isotipo-circle.png","datePublished":"2022-12-12T15:01:46+00:00","dateModified":"2025-07-31T23:26:26+00:00","breadcrumb":{"@id":"https:\/\/bahiadelsol.proyectoscoralcr.com\/es\/nosotros\/#breadcrumb"},"inLanguage":"es","potentialAction":[{"@type":"ReadAction","target":["https:\/\/bahiadelsol.proyectoscoralcr.com\/es\/nosotros\/"]}]},{"@type":"ImageObject","inLanguage":"es","@id":"https:\/\/bahiadelsol.proyectoscoralcr.com\/es\/nosotros\/#primaryimage","url":"https:\/\/bahiadelsol.proyectoscoralcr.com\/wp-content\/uploads\/2022\/12\/bds-isotipo-circle.png","contentUrl":"https:\/\/bahiadelsol.proyectoscoralcr.com\/wp-content\/uploads\/2022\/12\/bds-isotipo-circle.png"},{"@type":"BreadcrumbList","@id":"https:\/\/bahiadelsol.proyectoscoralcr.com\/es\/nosotros\/#breadcrumb","itemListElement":[{"@type":"ListItem","position":1,"name":"Home","item":"https:\/\/bahiadelsol.proyectoscoralcr.com\/es\/"},{"@type":"ListItem","position":2,"name":"Nosotros"}]},{"@type":"WebSite","@id":"https:\/\/bahiadelsol.proyectoscoralcr.com\/es\/#website","url":"https:\/\/bahiadelsol.proyectoscoralcr.com\/es\/","name":"Bahia del Sol Hotel","description":"Playa Potrero, Guanacaste, Costa Rica","publisher":{"@id":"https:\/\/bahiadelsol.proyectoscoralcr.com\/es\/#organization"},"potentialAction":[{"@type":"SearchAction","target":{"@type":"EntryPoint","urlTemplate":"https:\/\/bahiadelsol.proyectoscoralcr.com\/es\/?s={search_term_string}"},"query-input":{"@type":"PropertyValueSpecification","valueRequired":true,"valueName":"search_term_string"}}],"inLanguage":"es"},{"@type":"Organization","@id":"https:\/\/bahiadelsol.proyectoscoralcr.com\/es\/#organization","name":"Bahia del Sol Hotel","url":"https:\/\/bahiadelsol.proyectoscoralcr.com\/es\/","logo":{"@type":"ImageObject","inLanguage":"es","@id":"https:\/\/bahiadelsol.proyectoscoralcr.com\/es\/#\/schema\/logo\/image\/","url":"https:\/\/bahiadelsol.proyectoscoralcr.com\/wp-content\/uploads\/2023\/07\/logo-web-white-outline-gray-new.png","contentUrl":"https:\/\/bahiadelsol.proyectoscoralcr.com\/wp-content\/uploads\/2023\/07\/logo-web-white-outline-gray-new.png","width":810,"height":365,"caption":"Bahia del Sol Hotel"},"image":{"@id":"https:\/\/bahiadelsol.proyectoscoralcr.com\/es\/#\/schema\/logo\/image\/"},"sameAs":["https:\/\/www.facebook.com\/HotelBahiaDelSolCR","https:\/\/www.instagram.com\/bahiadelsolcr\/","https:\/\/www.youtube.com\/channel\/UCNgjYAho9AIesyf5NPqRgiQ","https:\/\/www.tripadvisor.com\/Hotel_Review-g1380092-d603769-Reviews-Hotel_Bahia_del_Sol-Playa_Potrero_Province_of_Guanacaste.html"]}]}},"_links":{"self":[{"href":"https:\/\/bahiadelsol.proyectoscoralcr.com\/es\/wp-json\/wp\/v2\/pages\/3400","targetHints":{"allow":["GET"]}}],"collection":[{"href":"https:\/\/bahiadelsol.proyectoscoralcr.com\/es\/wp-json\/wp\/v2\/pages"}],"about":[{"href":"https:\/\/bahiadelsol.proyectoscoralcr.com\/es\/wp-json\/wp\/v2\/types\/page"}],"author":[{"embeddable":true,"href":"https:\/\/bahiadelsol.proyectoscoralcr.com\/es\/wp-json\/wp\/v2\/users\/1"}],"replies":[{"embeddable":true,"href":"https:\/\/bahiadelsol.proyectoscoralcr.com\/es\/wp-json\/wp\/v2\/comments?post=3400"}],"version-history":[{"count":15,"href":"https:\/\/bahiadelsol.proyectoscoralcr.com\/es\/wp-json\/wp\/v2\/pages\/3400\/revisions"}],"predecessor-version":[{"id":6483,"href":"https:\/\/bahiadelsol.proyectoscoralcr.com\/es\/wp-json\/wp\/v2\/pages\/3400\/revisions\/6483"}],"wp:attachment":[{"href":"https:\/\/bahiadelsol.proyectoscoralcr.com\/es\/wp-json\/wp\/v2\/media?parent=3400"}],"curies":[{"name":"wp","href":"https:\/\/api.w.org\/{rel}","templated":true}]}}