{"id":3407,"date":"2022-12-12T21:41:24","date_gmt":"2022-12-12T21:41:24","guid":{"rendered":"https:\/\/bahiadelsol.proyectoscoralcr.com\/potrero-beach\/"},"modified":"2025-02-12T02:15:43","modified_gmt":"2025-02-12T02:15:43","slug":"playa-potrero","status":"publish","type":"page","link":"https:\/\/bahiadelsol.proyectoscoralcr.com\/es\/playa-potrero\/","title":{"rendered":"Playa Potrero"},"content":{"rendered":"\t\t<div data-elementor-type=\"wp-page\" data-elementor-id=\"3407\" class=\"elementor elementor-3407 elementor-2135\" data-elementor-post-type=\"page\">\n\t\t\t\t\t\t<section class=\"elementor-section elementor-top-section elementor-element elementor-element-e411e1d elementor-section-stretched animated-slow elementor-section-boxed elementor-section-height-default elementor-section-height-default\" data-id=\"e411e1d\" data-element_type=\"section\" data-e-type=\"section\" data-settings=\"{&quot;stretch_section&quot;:&quot;section-stretched&quot;,&quot;animation&quot;:&quot;none&quot;,&quot;animation_delay&quot;:800,&quot;background_background&quot;:&quot;classic&quot;,&quot;jet_parallax_layout_list&quot;:[{&quot;jet_parallax_layout_image&quot;:{&quot;url&quot;:&quot;&quot;,&quot;id&quot;:&quot;&quot;,&quot;size&quot;:&quot;&quot;},&quot;_id&quot;:&quot;081be28&quot;,&quot;jet_parallax_layout_image_tablet&quot;:{&quot;url&quot;:&quot;&quot;,&quot;id&quot;:&quot;&quot;,&quot;size&quot;:&quot;&quot;},&quot;jet_parallax_layout_image_mobile&quot;:{&quot;url&quot;:&quot;&quot;,&quot;id&quot;:&quot;&quot;,&quot;size&quot;:&quot;&quot;},&quot;jet_parallax_layout_speed&quot;:{&quot;unit&quot;:&quot;%&quot;,&quot;size&quot;:50,&quot;sizes&quot;:[]},&quot;jet_parallax_layout_type&quot;:&quot;scroll&quot;,&quot;jet_parallax_layout_direction&quot;:&quot;1&quot;,&quot;jet_parallax_layout_fx_direction&quot;:null,&quot;jet_parallax_layout_z_index&quot;:&quot;&quot;,&quot;jet_parallax_layout_bg_x&quot;:50,&quot;jet_parallax_layout_bg_x_tablet&quot;:&quot;&quot;,&quot;jet_parallax_layout_bg_x_mobile&quot;:&quot;&quot;,&quot;jet_parallax_layout_bg_y&quot;:50,&quot;jet_parallax_layout_bg_y_tablet&quot;:&quot;&quot;,&quot;jet_parallax_layout_bg_y_mobile&quot;:&quot;&quot;,&quot;jet_parallax_layout_bg_size&quot;:&quot;auto&quot;,&quot;jet_parallax_layout_bg_size_tablet&quot;:&quot;&quot;,&quot;jet_parallax_layout_bg_size_mobile&quot;:&quot;&quot;,&quot;jet_parallax_layout_animation_prop&quot;:&quot;transform&quot;,&quot;jet_parallax_layout_on&quot;:[&quot;desktop&quot;,&quot;tablet&quot;]}]}\">\n\t\t\t\t\t\t\t<div class=\"elementor-background-overlay\"><\/div>\n\t\t\t\t\t\t\t<div class=\"elementor-container elementor-column-gap-default\">\n\t\t\t\t\t<div class=\"elementor-column elementor-col-100 elementor-top-column elementor-element elementor-element-183506a\" data-id=\"183506a\" data-element_type=\"column\" data-e-type=\"column\" data-settings=\"{&quot;background_background&quot;:&quot;classic&quot;}\">\n\t\t\t<div class=\"elementor-widget-wrap elementor-element-populated\">\n\t\t\t\t\t\t<div class=\"elementor-element elementor-element-b04e11a elementor-widget elementor-widget-menu-anchor\" data-id=\"b04e11a\" data-element_type=\"widget\" data-e-type=\"widget\" data-widget_type=\"menu-anchor.default\">\n\t\t\t\t<div class=\"elementor-widget-container\">\n\t\t\t\t\t\t\t<div class=\"elementor-menu-anchor\" id=\"unique\"><\/div>\n\t\t\t\t\t\t<\/div>\n\t\t\t\t<\/div>\n\t\t\t\t<div class=\"elementor-element elementor-element-d2fdcd9 animated-slow elementor-invisible elementor-widget elementor-widget-heading\" data-id=\"d2fdcd9\" data-element_type=\"widget\" data-e-type=\"widget\" data-settings=\"{&quot;_animation&quot;:&quot;fadeInUp&quot;,&quot;_animation_delay&quot;:500}\" data-widget_type=\"heading.default\">\n\t\t\t\t<div class=\"elementor-widget-container\">\n\t\t\t\t\t<h2 class=\"elementor-heading-title elementor-size-default\">Playa Potrero<\/h2>\t\t\t\t<\/div>\n\t\t\t\t<\/div>\n\t\t\t\t<div class=\"elementor-element elementor-element-0013af8 animated-slow elementor-widget-divider--view-line elementor-invisible elementor-widget elementor-widget-divider\" data-id=\"0013af8\" data-element_type=\"widget\" data-e-type=\"widget\" data-settings=\"{&quot;_animation&quot;:&quot;fadeInUp&quot;,&quot;_animation_delay&quot;:500}\" data-widget_type=\"divider.default\">\n\t\t\t\t<div class=\"elementor-widget-container\">\n\t\t\t\t\t\t\t<div class=\"elementor-divider\">\n\t\t\t<span class=\"elementor-divider-separator\">\n\t\t\t\t\t\t<\/span>\n\t\t<\/div>\n\t\t\t\t\t\t<\/div>\n\t\t\t\t<\/div>\n\t\t\t\t<div class=\"elementor-element elementor-element-c9b2e70 elementor-invisible elementor-widget elementor-widget-spacer\" data-id=\"c9b2e70\" data-element_type=\"widget\" data-e-type=\"widget\" data-settings=\"{&quot;_animation&quot;:&quot;fadeInUp&quot;}\" data-widget_type=\"spacer.default\">\n\t\t\t\t<div class=\"elementor-widget-container\">\n\t\t\t\t\t\t\t<div class=\"elementor-spacer\">\n\t\t\t<div class=\"elementor-spacer-inner\"><\/div>\n\t\t<\/div>\n\t\t\t\t\t\t<\/div>\n\t\t\t\t<\/div>\n\t\t\t\t<div class=\"elementor-element elementor-element-7bb6f0b animated-slow elementor-invisible elementor-widget elementor-widget-text-editor\" data-id=\"7bb6f0b\" data-element_type=\"widget\" data-e-type=\"widget\" data-settings=\"{&quot;_animation&quot;:&quot;fadeInUp&quot;,&quot;_animation_delay&quot;:500}\" data-widget_type=\"text-editor.default\">\n\t\t\t\t<div class=\"elementor-widget-container\">\n\t\t\t\t\t\t\t\t\t<p>A cinco minutos de Playa Flamingo, Playa Potrero es una tranquila bah\u00eda en Guanacaste, perfecta para relajarse y disfrutar de actividades como nataci\u00f3n, snorkel, buceo, pesca deportiva y kayak. Los atardeceres son espectaculares y rom\u00e1nticos.<\/p>\t\t\t\t\t\t\t\t<\/div>\n\t\t\t\t<\/div>\n\t\t\t\t<section class=\"elementor-section elementor-inner-section elementor-element elementor-element-7d555cb elementor-section-boxed elementor-section-height-default elementor-section-height-default\" data-id=\"7d555cb\" data-element_type=\"section\" data-e-type=\"section\" data-settings=\"{&quot;jet_parallax_layout_list&quot;:[{&quot;jet_parallax_layout_image&quot;:{&quot;url&quot;:&quot;&quot;,&quot;id&quot;:&quot;&quot;,&quot;size&quot;:&quot;&quot;},&quot;_id&quot;:&quot;409eea5&quot;,&quot;jet_parallax_layout_image_tablet&quot;:{&quot;url&quot;:&quot;&quot;,&quot;id&quot;:&quot;&quot;,&quot;size&quot;:&quot;&quot;},&quot;jet_parallax_layout_image_mobile&quot;:{&quot;url&quot;:&quot;&quot;,&quot;id&quot;:&quot;&quot;,&quot;size&quot;:&quot;&quot;},&quot;jet_parallax_layout_speed&quot;:{&quot;unit&quot;:&quot;%&quot;,&quot;size&quot;:50,&quot;sizes&quot;:[]},&quot;jet_parallax_layout_type&quot;:&quot;scroll&quot;,&quot;jet_parallax_layout_direction&quot;:&quot;1&quot;,&quot;jet_parallax_layout_fx_direction&quot;:null,&quot;jet_parallax_layout_z_index&quot;:&quot;&quot;,&quot;jet_parallax_layout_bg_x&quot;:50,&quot;jet_parallax_layout_bg_x_tablet&quot;:&quot;&quot;,&quot;jet_parallax_layout_bg_x_mobile&quot;:&quot;&quot;,&quot;jet_parallax_layout_bg_y&quot;:50,&quot;jet_parallax_layout_bg_y_tablet&quot;:&quot;&quot;,&quot;jet_parallax_layout_bg_y_mobile&quot;:&quot;&quot;,&quot;jet_parallax_layout_bg_size&quot;:&quot;auto&quot;,&quot;jet_parallax_layout_bg_size_tablet&quot;:&quot;&quot;,&quot;jet_parallax_layout_bg_size_mobile&quot;:&quot;&quot;,&quot;jet_parallax_layout_animation_prop&quot;:&quot;transform&quot;,&quot;jet_parallax_layout_on&quot;:[&quot;desktop&quot;,&quot;tablet&quot;]}]}\">\n\t\t\t\t\t\t<div class=\"elementor-container elementor-column-gap-default\">\n\t\t\t\t\t<div class=\"elementor-column elementor-col-100 elementor-inner-column elementor-element elementor-element-37ab273 animated-slow elementor-invisible\" data-id=\"37ab273\" data-element_type=\"column\" data-e-type=\"column\" data-settings=\"{&quot;background_background&quot;:&quot;slideshow&quot;,&quot;animation&quot;:&quot;fadeInLeft&quot;,&quot;background_slideshow_gallery&quot;:[{&quot;id&quot;:5782,&quot;url&quot;:&quot;https:\\\/\\\/bahiadelsol.proyectoscoralcr.com\\\/wp-content\\\/uploads\\\/2025\\\/02\\\/Atardecer-Potrero2-scaled.jpg&quot;}],&quot;background_slideshow_ken_burns&quot;:&quot;yes&quot;,&quot;animation_delay&quot;:500,&quot;background_slideshow_loop&quot;:&quot;yes&quot;,&quot;background_slideshow_slide_duration&quot;:5000,&quot;background_slideshow_slide_transition&quot;:&quot;fade&quot;,&quot;background_slideshow_transition_duration&quot;:500,&quot;background_slideshow_ken_burns_zoom_direction&quot;:&quot;in&quot;,&quot;background_motion_fx_devices&quot;:[&quot;desktop&quot;,&quot;tablet&quot;,&quot;mobile&quot;]}\">\n\t\t\t<div class=\"elementor-widget-wrap elementor-element-populated\">\n\t\t\t\t\t<div class=\"elementor-background-overlay\"><\/div>\n\t\t\t\t\t\t<div class=\"elementor-element elementor-element-ce02730 elementor-widget elementor-widget-spacer\" data-id=\"ce02730\" data-element_type=\"widget\" data-e-type=\"widget\" data-widget_type=\"spacer.default\">\n\t\t\t\t<div class=\"elementor-widget-container\">\n\t\t\t\t\t\t\t<div class=\"elementor-spacer\">\n\t\t\t<div class=\"elementor-spacer-inner\"><\/div>\n\t\t<\/div>\n\t\t\t\t\t\t<\/div>\n\t\t\t\t<\/div>\n\t\t\t\t<div class=\"elementor-element elementor-element-3c14b70 elementor-widget elementor-widget-spacer\" data-id=\"3c14b70\" data-element_type=\"widget\" data-e-type=\"widget\" data-widget_type=\"spacer.default\">\n\t\t\t\t<div class=\"elementor-widget-container\">\n\t\t\t\t\t\t\t<div class=\"elementor-spacer\">\n\t\t\t<div class=\"elementor-spacer-inner\"><\/div>\n\t\t<\/div>\n\t\t\t\t\t\t<\/div>\n\t\t\t\t<\/div>\n\t\t\t\t\t<\/div>\n\t\t<\/div>\n\t\t\t\t\t<\/div>\n\t\t<\/section>\n\t\t\t\t<div class=\"elementor-element elementor-element-99ee99f animated-slow elementor-invisible elementor-widget elementor-widget-text-editor\" data-id=\"99ee99f\" data-element_type=\"widget\" data-e-type=\"widget\" data-settings=\"{&quot;_animation&quot;:&quot;fadeInUp&quot;,&quot;_animation_delay&quot;:500}\" data-widget_type=\"text-editor.default\">\n\t\t\t\t<div class=\"elementor-widget-container\">\n\t\t\t\t\t\t\t\t\t<p>Es un sitio ideal para descansar o para realizar una gran variedad de actividades en armon\u00eda con la naturaleza. Sus aguas c\u00e1lidas y tranquilas son ideales para la nataci\u00f3n, el snorkeling, el buceo, la pesca deportiva y el kayaking. O si lo prefiere, puede caminar por la playa, realizar una cabalgata a caballo o simplemente asolearse a la orilla del mar.<\/p>\t\t\t\t\t\t\t\t<\/div>\n\t\t\t\t<\/div>\n\t\t\t\t<div class=\"elementor-element elementor-element-77fe36c elementor-invisible elementor-widget elementor-widget-image\" data-id=\"77fe36c\" data-element_type=\"widget\" data-e-type=\"widget\" data-settings=\"{&quot;_animation&quot;:&quot;fadeInLeft&quot;}\" data-widget_type=\"image.default\">\n\t\t\t\t<div class=\"elementor-widget-container\">\n\t\t\t\t\t\t\t\t\t\t\t\t\t\t\t<img fetchpriority=\"high\" decoding=\"async\" width=\"1707\" height=\"2560\" src=\"https:\/\/bahiadelsol.proyectoscoralcr.com\/wp-content\/uploads\/2025\/02\/Atardecer-Potrero-1-scaled-1.jpg\" class=\"attachment-full size-full wp-image-5813\" alt=\"\" srcset=\"https:\/\/bahiadelsol.proyectoscoralcr.com\/wp-content\/uploads\/2025\/02\/Atardecer-Potrero-1-scaled-1.jpg 1707w, https:\/\/bahiadelsol.proyectoscoralcr.com\/wp-content\/uploads\/2025\/02\/Atardecer-Potrero-1-scaled-1-200x300.jpg 200w, https:\/\/bahiadelsol.proyectoscoralcr.com\/wp-content\/uploads\/2025\/02\/Atardecer-Potrero-1-scaled-1-683x1024.jpg 683w, https:\/\/bahiadelsol.proyectoscoralcr.com\/wp-content\/uploads\/2025\/02\/Atardecer-Potrero-1-scaled-1-768x1152.jpg 768w, https:\/\/bahiadelsol.proyectoscoralcr.com\/wp-content\/uploads\/2025\/02\/Atardecer-Potrero-1-scaled-1-1024x1536.jpg 1024w, https:\/\/bahiadelsol.proyectoscoralcr.com\/wp-content\/uploads\/2025\/02\/Atardecer-Potrero-1-scaled-1-1366x2048.jpg 1366w\" sizes=\"(max-width: 1707px) 100vw, 1707px\" \/>\t\t\t\t\t\t\t\t\t\t\t\t\t\t\t<\/div>\n\t\t\t\t<\/div>\n\t\t\t\t<div class=\"elementor-element elementor-element-d2362bf animated-slow elementor-invisible elementor-widget elementor-widget-text-editor\" data-id=\"d2362bf\" data-element_type=\"widget\" data-e-type=\"widget\" data-settings=\"{&quot;_animation&quot;:&quot;fadeInUp&quot;,&quot;_animation_delay&quot;:500}\" data-widget_type=\"text-editor.default\">\n\t\t\t\t<div class=\"elementor-widget-container\">\n\t\t\t\t\t\t\t\t\t<p>Los atardeceres en Playa Potrero son espectaculares y muy rom\u00e1nticos tambi\u00e9n. Al final de la playa se encuentra la peque\u00f1a comunidad pesquera de Potrero, donde encontrar\u00e1 pescadores locales ofreci\u00e9ndole los m\u00e1s frescos frutos del mar, as\u00ed como peque\u00f1os comercios para satisfacer cualquier necesidad b\u00e1sica.<\/p>\t\t\t\t\t\t\t\t<\/div>\n\t\t\t\t<\/div>\n\t\t\t\t<div class=\"elementor-element elementor-element-43e0a68 elementor-widget elementor-widget-spacer\" data-id=\"43e0a68\" data-element_type=\"widget\" data-e-type=\"widget\" data-widget_type=\"spacer.default\">\n\t\t\t\t<div class=\"elementor-widget-container\">\n\t\t\t\t\t\t\t<div class=\"elementor-spacer\">\n\t\t\t<div class=\"elementor-spacer-inner\"><\/div>\n\t\t<\/div>\n\t\t\t\t\t\t<\/div>\n\t\t\t\t<\/div>\n\t\t\t\t<div class=\"elementor-element elementor-element-aab64d6 elementor-align-center animated-slow elementor-invisible elementor-widget elementor-widget-button\" data-id=\"aab64d6\" data-element_type=\"widget\" data-e-type=\"widget\" data-settings=\"{&quot;_animation&quot;:&quot;fadeInUp&quot;,&quot;_animation_delay&quot;:500}\" data-widget_type=\"button.default\">\n\t\t\t\t<div class=\"elementor-widget-container\">\n\t\t\t\t\t\t\t\t\t<div class=\"elementor-button-wrapper\">\n\t\t\t\t\t<a class=\"elementor-button elementor-button-link elementor-size-sm\" href=\"https:\/\/bahiadelsol.proyectoscoralcr.com\/es\/fotos\/\">\n\t\t\t\t\t\t<span class=\"elementor-button-content-wrapper\">\n\t\t\t\t\t\t\t\t\t<span class=\"elementor-button-text\">VER GALER\u00cdA<\/span>\n\t\t\t\t\t<\/span>\n\t\t\t\t\t<\/a>\n\t\t\t\t<\/div>\n\t\t\t\t\t\t\t\t<\/div>\n\t\t\t\t<\/div>\n\t\t\t\t\t<\/div>\n\t\t<\/div>\n\t\t\t\t\t<\/div>\n\t\t<\/section>\n\t\t\t\t<\/div>\n\t\t","protected":false},"excerpt":{"rendered":"<p>Playa Potrero A cinco minutos de Playa Flamingo, Playa Potrero es una tranquila bah\u00eda en Guanacaste, perfecta para relajarse y disfrutar de actividades como nataci\u00f3n, snorkel, buceo, pesca deportiva y kayak. Los atardeceres son espectaculares y rom\u00e1nticos. Es un sitio ideal para descansar o para realizar una gran variedad de actividades en armon\u00eda con la [&hellip;]<\/p>\n","protected":false},"author":1,"featured_media":0,"parent":0,"menu_order":0,"comment_status":"closed","ping_status":"closed","template":"","meta":{"footnotes":""},"class_list":["post-3407","page","type-page","status-publish","hentry"],"yoast_head":"<!-- This site is optimized with the Yoast SEO plugin v27.1.1 - https:\/\/yoast.com\/product\/yoast-seo-wordpress\/ -->\n<title>Playa Potrero | Bahia del Sol Hotel \u2502 Beach Front Boutique Hotel<\/title>\n<meta name=\"robots\" content=\"index, follow, max-snippet:-1, max-image-preview:large, max-video-preview:-1\" \/>\n<link rel=\"canonical\" href=\"https:\/\/bahiadelsol.proyectoscoralcr.com\/potrero-beach\/\" \/>\n<meta property=\"og:locale\" content=\"es_ES\" \/>\n<meta property=\"og:type\" content=\"article\" \/>\n<meta property=\"og:title\" content=\"Playa Potrero | Bahia del Sol Hotel \u2502 Beach Front Boutique Hotel\" \/>\n<meta property=\"og:description\" content=\"Playa Potrero A cinco minutos de Playa Flamingo, Playa Potrero es una tranquila bah\u00eda en Guanacaste, perfecta para relajarse y disfrutar de actividades como nataci\u00f3n, snorkel, buceo, pesca deportiva y kayak. Los atardeceres son espectaculares y rom\u00e1nticos. Es un sitio ideal para descansar o para realizar una gran variedad de actividades en armon\u00eda con la [&hellip;]\" \/>\n<meta property=\"og:url\" content=\"https:\/\/bahiadelsol.proyectoscoralcr.com\/potrero-beach\/\" \/>\n<meta property=\"og:site_name\" content=\"Bahia del Sol Hotel \u2502 Beach Front Boutique Hotel\" \/>\n<meta property=\"article:publisher\" content=\"https:\/\/www.facebook.com\/HotelBahiaDelSolCR\" \/>\n<meta property=\"article:modified_time\" content=\"2025-02-12T02:15:43+00:00\" \/>\n<meta property=\"og:image\" content=\"https:\/\/bahiadelsol.proyectoscoralcr.com\/wp-content\/uploads\/2025\/02\/Atardecer-Potrero-1-scaled-1.jpg\" \/>\n<meta name=\"twitter:card\" content=\"summary_large_image\" \/>\n<meta name=\"twitter:label1\" content=\"Tiempo de lectura\" \/>\n\t<meta name=\"twitter:data1\" content=\"1 minuto\" \/>\n<script type=\"application\/ld+json\" class=\"yoast-schema-graph\">{\"@context\":\"https:\/\/schema.org\",\"@graph\":[{\"@type\":\"WebPage\",\"@id\":\"https:\/\/bahiadelsol.proyectoscoralcr.com\/potrero-beach\/\",\"url\":\"https:\/\/bahiadelsol.proyectoscoralcr.com\/potrero-beach\/\",\"name\":\"Playa Potrero | Bahia del Sol Hotel \u2502 Beach Front Boutique Hotel\",\"isPartOf\":{\"@id\":\"https:\/\/bahiadelsol.proyectoscoralcr.com\/es\/#website\"},\"primaryImageOfPage\":{\"@id\":\"https:\/\/bahiadelsol.proyectoscoralcr.com\/potrero-beach\/#primaryimage\"},\"image\":{\"@id\":\"https:\/\/bahiadelsol.proyectoscoralcr.com\/potrero-beach\/#primaryimage\"},\"thumbnailUrl\":\"https:\/\/bahiadelsol.proyectoscoralcr.com\/wp-content\/uploads\/2025\/02\/Atardecer-Potrero-1-scaled-1.jpg\",\"datePublished\":\"2022-12-12T21:41:24+00:00\",\"dateModified\":\"2025-02-12T02:15:43+00:00\",\"breadcrumb\":{\"@id\":\"https:\/\/bahiadelsol.proyectoscoralcr.com\/potrero-beach\/#breadcrumb\"},\"inLanguage\":\"es\",\"potentialAction\":[{\"@type\":\"ReadAction\",\"target\":[\"https:\/\/bahiadelsol.proyectoscoralcr.com\/potrero-beach\/\"]}]},{\"@type\":\"ImageObject\",\"inLanguage\":\"es\",\"@id\":\"https:\/\/bahiadelsol.proyectoscoralcr.com\/potrero-beach\/#primaryimage\",\"url\":\"https:\/\/bahiadelsol.proyectoscoralcr.com\/wp-content\/uploads\/2025\/02\/Atardecer-Potrero-1-scaled-1.jpg\",\"contentUrl\":\"https:\/\/bahiadelsol.proyectoscoralcr.com\/wp-content\/uploads\/2025\/02\/Atardecer-Potrero-1-scaled-1.jpg\"},{\"@type\":\"BreadcrumbList\",\"@id\":\"https:\/\/bahiadelsol.proyectoscoralcr.com\/potrero-beach\/#breadcrumb\",\"itemListElement\":[{\"@type\":\"ListItem\",\"position\":1,\"name\":\"Home\",\"item\":\"https:\/\/bahiadelsol.proyectoscoralcr.com\/es\/\"},{\"@type\":\"ListItem\",\"position\":2,\"name\":\"Playa Potrero\"}]},{\"@type\":\"WebSite\",\"@id\":\"https:\/\/bahiadelsol.proyectoscoralcr.com\/es\/#website\",\"url\":\"https:\/\/bahiadelsol.proyectoscoralcr.com\/es\/\",\"name\":\"Bahia del Sol Hotel\",\"description\":\"Playa Potrero, Guanacaste, Costa Rica\",\"publisher\":{\"@id\":\"https:\/\/bahiadelsol.proyectoscoralcr.com\/es\/#organization\"},\"potentialAction\":[{\"@type\":\"SearchAction\",\"target\":{\"@type\":\"EntryPoint\",\"urlTemplate\":\"https:\/\/bahiadelsol.proyectoscoralcr.com\/es\/?s={search_term_string}\"},\"query-input\":{\"@type\":\"PropertyValueSpecification\",\"valueRequired\":true,\"valueName\":\"search_term_string\"}}],\"inLanguage\":\"es\"},{\"@type\":\"Organization\",\"@id\":\"https:\/\/bahiadelsol.proyectoscoralcr.com\/es\/#organization\",\"name\":\"Bahia del Sol Hotel\",\"url\":\"https:\/\/bahiadelsol.proyectoscoralcr.com\/es\/\",\"logo\":{\"@type\":\"ImageObject\",\"inLanguage\":\"es\",\"@id\":\"https:\/\/bahiadelsol.proyectoscoralcr.com\/es\/#\/schema\/logo\/image\/\",\"url\":\"https:\/\/bahiadelsol.proyectoscoralcr.com\/wp-content\/uploads\/2023\/07\/logo-web-white-outline-gray-new.png\",\"contentUrl\":\"https:\/\/bahiadelsol.proyectoscoralcr.com\/wp-content\/uploads\/2023\/07\/logo-web-white-outline-gray-new.png\",\"width\":810,\"height\":365,\"caption\":\"Bahia del Sol Hotel\"},\"image\":{\"@id\":\"https:\/\/bahiadelsol.proyectoscoralcr.com\/es\/#\/schema\/logo\/image\/\"},\"sameAs\":[\"https:\/\/www.facebook.com\/HotelBahiaDelSolCR\",\"https:\/\/www.instagram.com\/bahiadelsolcr\/\",\"https:\/\/www.youtube.com\/channel\/UCNgjYAho9AIesyf5NPqRgiQ\",\"https:\/\/www.tripadvisor.com\/Hotel_Review-g1380092-d603769-Reviews-Hotel_Bahia_del_Sol-Playa_Potrero_Province_of_Guanacaste.html\"]}]}<\/script>\n<!-- \/ Yoast SEO plugin. -->","yoast_head_json":{"title":"Playa Potrero | Bahia del Sol Hotel \u2502 Beach Front Boutique Hotel","robots":{"index":"index","follow":"follow","max-snippet":"max-snippet:-1","max-image-preview":"max-image-preview:large","max-video-preview":"max-video-preview:-1"},"canonical":"https:\/\/bahiadelsol.proyectoscoralcr.com\/potrero-beach\/","og_locale":"es_ES","og_type":"article","og_title":"Playa Potrero | Bahia del Sol Hotel \u2502 Beach Front Boutique Hotel","og_description":"Playa Potrero A cinco minutos de Playa Flamingo, Playa Potrero es una tranquila bah\u00eda en Guanacaste, perfecta para relajarse y disfrutar de actividades como nataci\u00f3n, snorkel, buceo, pesca deportiva y kayak. Los atardeceres son espectaculares y rom\u00e1nticos. Es un sitio ideal para descansar o para realizar una gran variedad de actividades en armon\u00eda con la [&hellip;]","og_url":"https:\/\/bahiadelsol.proyectoscoralcr.com\/potrero-beach\/","og_site_name":"Bahia del Sol Hotel \u2502 Beach Front Boutique Hotel","article_publisher":"https:\/\/www.facebook.com\/HotelBahiaDelSolCR","article_modified_time":"2025-02-12T02:15:43+00:00","og_image":[{"url":"https:\/\/bahiadelsol.proyectoscoralcr.com\/wp-content\/uploads\/2025\/02\/Atardecer-Potrero-1-scaled-1.jpg","type":"","width":"","height":""}],"twitter_card":"summary_large_image","twitter_misc":{"Tiempo de lectura":"1 minuto"},"schema":{"@context":"https:\/\/schema.org","@graph":[{"@type":"WebPage","@id":"https:\/\/bahiadelsol.proyectoscoralcr.com\/potrero-beach\/","url":"https:\/\/bahiadelsol.proyectoscoralcr.com\/potrero-beach\/","name":"Playa Potrero | Bahia del Sol Hotel \u2502 Beach Front Boutique Hotel","isPartOf":{"@id":"https:\/\/bahiadelsol.proyectoscoralcr.com\/es\/#website"},"primaryImageOfPage":{"@id":"https:\/\/bahiadelsol.proyectoscoralcr.com\/potrero-beach\/#primaryimage"},"image":{"@id":"https:\/\/bahiadelsol.proyectoscoralcr.com\/potrero-beach\/#primaryimage"},"thumbnailUrl":"https:\/\/bahiadelsol.proyectoscoralcr.com\/wp-content\/uploads\/2025\/02\/Atardecer-Potrero-1-scaled-1.jpg","datePublished":"2022-12-12T21:41:24+00:00","dateModified":"2025-02-12T02:15:43+00:00","breadcrumb":{"@id":"https:\/\/bahiadelsol.proyectoscoralcr.com\/potrero-beach\/#breadcrumb"},"inLanguage":"es","potentialAction":[{"@type":"ReadAction","target":["https:\/\/bahiadelsol.proyectoscoralcr.com\/potrero-beach\/"]}]},{"@type":"ImageObject","inLanguage":"es","@id":"https:\/\/bahiadelsol.proyectoscoralcr.com\/potrero-beach\/#primaryimage","url":"https:\/\/bahiadelsol.proyectoscoralcr.com\/wp-content\/uploads\/2025\/02\/Atardecer-Potrero-1-scaled-1.jpg","contentUrl":"https:\/\/bahiadelsol.proyectoscoralcr.com\/wp-content\/uploads\/2025\/02\/Atardecer-Potrero-1-scaled-1.jpg"},{"@type":"BreadcrumbList","@id":"https:\/\/bahiadelsol.proyectoscoralcr.com\/potrero-beach\/#breadcrumb","itemListElement":[{"@type":"ListItem","position":1,"name":"Home","item":"https:\/\/bahiadelsol.proyectoscoralcr.com\/es\/"},{"@type":"ListItem","position":2,"name":"Playa Potrero"}]},{"@type":"WebSite","@id":"https:\/\/bahiadelsol.proyectoscoralcr.com\/es\/#website","url":"https:\/\/bahiadelsol.proyectoscoralcr.com\/es\/","name":"Bahia del Sol Hotel","description":"Playa Potrero, Guanacaste, Costa Rica","publisher":{"@id":"https:\/\/bahiadelsol.proyectoscoralcr.com\/es\/#organization"},"potentialAction":[{"@type":"SearchAction","target":{"@type":"EntryPoint","urlTemplate":"https:\/\/bahiadelsol.proyectoscoralcr.com\/es\/?s={search_term_string}"},"query-input":{"@type":"PropertyValueSpecification","valueRequired":true,"valueName":"search_term_string"}}],"inLanguage":"es"},{"@type":"Organization","@id":"https:\/\/bahiadelsol.proyectoscoralcr.com\/es\/#organization","name":"Bahia del Sol Hotel","url":"https:\/\/bahiadelsol.proyectoscoralcr.com\/es\/","logo":{"@type":"ImageObject","inLanguage":"es","@id":"https:\/\/bahiadelsol.proyectoscoralcr.com\/es\/#\/schema\/logo\/image\/","url":"https:\/\/bahiadelsol.proyectoscoralcr.com\/wp-content\/uploads\/2023\/07\/logo-web-white-outline-gray-new.png","contentUrl":"https:\/\/bahiadelsol.proyectoscoralcr.com\/wp-content\/uploads\/2023\/07\/logo-web-white-outline-gray-new.png","width":810,"height":365,"caption":"Bahia del Sol Hotel"},"image":{"@id":"https:\/\/bahiadelsol.proyectoscoralcr.com\/es\/#\/schema\/logo\/image\/"},"sameAs":["https:\/\/www.facebook.com\/HotelBahiaDelSolCR","https:\/\/www.instagram.com\/bahiadelsolcr\/","https:\/\/www.youtube.com\/channel\/UCNgjYAho9AIesyf5NPqRgiQ","https:\/\/www.tripadvisor.com\/Hotel_Review-g1380092-d603769-Reviews-Hotel_Bahia_del_Sol-Playa_Potrero_Province_of_Guanacaste.html"]}]}},"_links":{"self":[{"href":"https:\/\/bahiadelsol.proyectoscoralcr.com\/es\/wp-json\/wp\/v2\/pages\/3407","targetHints":{"allow":["GET"]}}],"collection":[{"href":"https:\/\/bahiadelsol.proyectoscoralcr.com\/es\/wp-json\/wp\/v2\/pages"}],"about":[{"href":"https:\/\/bahiadelsol.proyectoscoralcr.com\/es\/wp-json\/wp\/v2\/types\/page"}],"author":[{"embeddable":true,"href":"https:\/\/bahiadelsol.proyectoscoralcr.com\/es\/wp-json\/wp\/v2\/users\/1"}],"replies":[{"embeddable":true,"href":"https:\/\/bahiadelsol.proyectoscoralcr.com\/es\/wp-json\/wp\/v2\/comments?post=3407"}],"version-history":[{"count":15,"href":"https:\/\/bahiadelsol.proyectoscoralcr.com\/es\/wp-json\/wp\/v2\/pages\/3407\/revisions"}],"predecessor-version":[{"id":5816,"href":"https:\/\/bahiadelsol.proyectoscoralcr.com\/es\/wp-json\/wp\/v2\/pages\/3407\/revisions\/5816"}],"wp:attachment":[{"href":"https:\/\/bahiadelsol.proyectoscoralcr.com\/es\/wp-json\/wp\/v2\/media?parent=3407"}],"curies":[{"name":"wp","href":"https:\/\/api.w.org\/{rel}","templated":true}]}}